{"id":187,"date":"2020-02-05T17:24:57","date_gmt":"2020-02-05T19:24:57","guid":{"rendered":"https:\/\/neohome.ws\/?page_id=187"},"modified":"2022-06-22T18:47:31","modified_gmt":"2022-06-22T21:47:31","slug":"parcerias","status":"publish","type":"page","link":"https:\/\/neohome.ws\/?page_id=187","title":{"rendered":"Parcerias"},"content":{"rendered":"\t\t<div data-elementor-type=\"wp-page\" data-elementor-id=\"187\" class=\"elementor elementor-187\" data-elementor-settings=\"[]\">\n\t\t\t<div class=\"elementor-inner\">\n\t\t\t\t<div class=\"elementor-section-wrap\">\n\t\t\t\t\t\t\t<section class=\"elementor-element elementor-element-b981922 elementor-section-height-min-height elementor-section-boxed elementor-section-height-default elementor-section-items-middle elementor-section elementor-top-section\" data-id=\"b981922\" data-element_type=\"section\" data-settings=\"{&quot;background_background&quot;:&quot;classic&quot;}\">\n\t\t\t\t\t\t<div class=\"elementor-container elementor-column-gap-default\">\n\t\t\t\t<div class=\"elementor-row\">\n\t\t\t\t<div class=\"elementor-element elementor-element-f9c037c elementor-column elementor-col-100 elementor-top-column\" data-id=\"f9c037c\" data-element_type=\"column\">\n\t\t\t<div class=\"elementor-column-wrap  elementor-element-populated\">\n\t\t\t\t\t<div class=\"elementor-widget-wrap\">\n\t\t\t\t<div class=\"elementor-element elementor-element-cfd5b71 elementor-widget elementor-widget-heading\" data-id=\"cfd5b71\" data-element_type=\"widget\" data-widget_type=\"heading.default\">\n\t\t\t\t<div class=\"elementor-widget-container\">\n\t\t\t<h1 class=\"elementor-heading-title elementor-size-default\">Parcerias<\/h1>\t\t<\/div>\n\t\t\t\t<\/div>\n\t\t\t\t<div class=\"elementor-element elementor-element-63bdbaa elementor-widget elementor-widget-heading\" data-id=\"63bdbaa\" data-element_type=\"widget\" data-widget_type=\"heading.default\">\n\t\t\t\t<div class=\"elementor-widget-container\">\n\t\t\t<span class=\"elementor-heading-title elementor-size-default\">Nosso trabalho conjunto melhora a vida de muitas pessoas!<\/span>\t\t<\/div>\n\t\t\t\t<\/div>\n\t\t\t\t<section class=\"elementor-element elementor-element-0bd5594 elementor-section-boxed elementor-section-height-default elementor-section-height-default elementor-section elementor-inner-section\" data-id=\"0bd5594\" data-element_type=\"section\">\n\t\t\t\t\t\t<div class=\"elementor-container elementor-column-gap-default\">\n\t\t\t\t<div class=\"elementor-row\">\n\t\t\t\t<div class=\"elementor-element elementor-element-8def6bc elementor-column elementor-col-33 elementor-inner-column\" data-id=\"8def6bc\" data-element_type=\"column\">\n\t\t\t<div class=\"elementor-column-wrap  elementor-element-populated\">\n\t\t\t\t\t<div class=\"elementor-widget-wrap\">\n\t\t\t\t<div class=\"elementor-element elementor-element-c6634c8 elementor-align-center elementor-widget elementor-widget-button\" data-id=\"c6634c8\" data-element_type=\"widget\" data-widget_type=\"button.default\">\n\t\t\t\t<div class=\"elementor-widget-container\">\n\t\t\t\t\t<div class=\"elementor-button-wrapper\">\n\t\t\t<a href=\"#\" class=\"elementor-button-link elementor-button elementor-size-sm elementor-animation-grow\" role=\"button\">\n\t\t\t\t\t\t<span class=\"elementor-button-content-wrapper\">\n\t\t\t\t\t\t<span class=\"elementor-button-text\">ARQUITETOS<\/span>\n\t\t<\/span>\n\t\t\t\t\t<\/a>\n\t\t<\/div>\n\t\t\t\t<\/div>\n\t\t\t\t<\/div>\n\t\t\t\t\t\t<\/div>\n\t\t\t<\/div>\n\t\t<\/div>\n\t\t\t\t<div class=\"elementor-element elementor-element-977278d elementor-column elementor-col-33 elementor-inner-column\" data-id=\"977278d\" data-element_type=\"column\">\n\t\t\t<div class=\"elementor-column-wrap  elementor-element-populated\">\n\t\t\t\t\t<div class=\"elementor-widget-wrap\">\n\t\t\t\t<div class=\"elementor-element elementor-element-5d2188b elementor-align-center elementor-widget elementor-widget-button\" data-id=\"5d2188b\" data-element_type=\"widget\" data-widget_type=\"button.default\">\n\t\t\t\t<div class=\"elementor-widget-container\">\n\t\t\t\t\t<div class=\"elementor-button-wrapper\">\n\t\t\t<a href=\"#\" class=\"elementor-button-link elementor-button elementor-size-sm elementor-animation-grow\" role=\"button\">\n\t\t\t\t\t\t<span class=\"elementor-button-content-wrapper\">\n\t\t\t\t\t\t<span class=\"elementor-button-text\">ACAD\u00caMICOS<\/span>\n\t\t<\/span>\n\t\t\t\t\t<\/a>\n\t\t<\/div>\n\t\t\t\t<\/div>\n\t\t\t\t<\/div>\n\t\t\t\t\t\t<\/div>\n\t\t\t<\/div>\n\t\t<\/div>\n\t\t\t\t<div class=\"elementor-element elementor-element-c89b450 elementor-column elementor-col-33 elementor-inner-column\" data-id=\"c89b450\" data-element_type=\"column\">\n\t\t\t<div class=\"elementor-column-wrap  elementor-element-populated\">\n\t\t\t\t\t<div class=\"elementor-widget-wrap\">\n\t\t\t\t<div class=\"elementor-element elementor-element-6d2b6ec elementor-align-center elementor-widget elementor-widget-button\" data-id=\"6d2b6ec\" data-element_type=\"widget\" data-widget_type=\"button.default\">\n\t\t\t\t<div class=\"elementor-widget-container\">\n\t\t\t\t\t<div class=\"elementor-button-wrapper\">\n\t\t\t<a href=\"#\" class=\"elementor-button-link elementor-button elementor-size-sm elementor-animation-grow\" role=\"button\">\n\t\t\t\t\t\t<span class=\"elementor-button-content-wrapper\">\n\t\t\t\t\t\t<span class=\"elementor-button-text\">CONSTRUTORAS<\/span>\n\t\t<\/span>\n\t\t\t\t\t<\/a>\n\t\t<\/div>\n\t\t\t\t<\/div>\n\t\t\t\t<\/div>\n\t\t\t\t\t\t<\/div>\n\t\t\t<\/div>\n\t\t<\/div>\n\t\t\t\t\t\t<\/div>\n\t\t\t<\/div>\n\t\t<\/section>\n\t\t\t\t\t\t<\/div>\n\t\t\t<\/div>\n\t\t<\/div>\n\t\t\t\t\t\t<\/div>\n\t\t\t<\/div>\n\t\t<\/section>\n\t\t\t\t\t\t<\/div>\n\t\t\t<\/div>\n\t\t<\/div>\n\t\t","protected":false},"excerpt":{"rendered":"<p>Parcerias Nosso trabalho conjunto melhora a vida de muitas pessoas! ARQUITETOS ACAD\u00caMICOS CONSTRUTORAS<\/p>\n","protected":false},"author":1,"featured_media":0,"parent":181,"menu_order":0,"comment_status":"closed","ping_status":"closed","template":"","meta":{"_mi_skip_tracking":false,"footnotes":""},"class_list":["post-187","page","type-page","status-publish","hentry"],"yoast_head":"<!-- This site is optimized with the Yoast SEO plugin v19.1 - https:\/\/yoast.com\/wordpress\/plugins\/seo\/ -->\n<title>Parcerias - Neohome - Casa Inteligente<\/title>\n<meta name=\"robots\" content=\"index, follow, max-snippet:-1, max-image-preview:large, max-video-preview:-1\" \/>\n<link rel=\"canonical\" href=\"https:\/\/neohome.ws\/quero-neohome\/parcerias\/\" \/>\n<meta property=\"og:locale\" content=\"pt_BR\" \/>\n<meta property=\"og:type\" content=\"article\" \/>\n<meta property=\"og:title\" content=\"Parcerias - Neohome - Casa Inteligente\" \/>\n<meta property=\"og:description\" content=\"Parcerias Nosso trabalho conjunto melhora a vida de muitas pessoas! ARQUITETOS ACAD\u00caMICOS CONSTRUTORAS\" \/>\n<meta property=\"og:url\" content=\"https:\/\/neohome.ws\/quero-neohome\/parcerias\/\" \/>\n<meta property=\"og:site_name\" content=\"Neohome - Casa Inteligente\" \/>\n<meta property=\"article:modified_time\" content=\"2022-06-22T21:47:31+00:00\" \/>\n<meta name=\"twitter:card\" content=\"summary_large_image\" \/>\n<script type=\"application\/ld+json\" class=\"yoast-schema-graph\">{\"@context\":\"https:\/\/schema.org\",\"@graph\":[{\"@type\":\"WebSite\",\"@id\":\"https:\/\/neohome.ws\/#website\",\"url\":\"https:\/\/neohome.ws\/\",\"name\":\"Neohome - Casa Inteligente\",\"description\":\"N\u00f3s fazemos sua casa funcionar t\u00e3o bem que at\u00e9 parece m\u00e1gica.\",\"potentialAction\":[{\"@type\":\"SearchAction\",\"target\":{\"@type\":\"EntryPoint\",\"urlTemplate\":\"https:\/\/neohome.ws\/?s={search_term_string}\"},\"query-input\":\"required name=search_term_string\"}],\"inLanguage\":\"pt-BR\"},{\"@type\":\"WebPage\",\"@id\":\"https:\/\/neohome.ws\/quero-neohome\/parcerias\/#webpage\",\"url\":\"https:\/\/neohome.ws\/quero-neohome\/parcerias\/\",\"name\":\"Parcerias - Neohome - Casa Inteligente\",\"isPartOf\":{\"@id\":\"https:\/\/neohome.ws\/#website\"},\"datePublished\":\"2020-02-05T19:24:57+00:00\",\"dateModified\":\"2022-06-22T21:47:31+00:00\",\"breadcrumb\":{\"@id\":\"https:\/\/neohome.ws\/quero-neohome\/parcerias\/#breadcrumb\"},\"inLanguage\":\"pt-BR\",\"potentialAction\":[{\"@type\":\"ReadAction\",\"target\":[\"https:\/\/neohome.ws\/quero-neohome\/parcerias\/\"]}]},{\"@type\":\"BreadcrumbList\",\"@id\":\"https:\/\/neohome.ws\/quero-neohome\/parcerias\/#breadcrumb\",\"itemListElement\":[{\"@type\":\"ListItem\",\"position\":1,\"name\":\"In\u00edcio\",\"item\":\"https:\/\/neohome.ws\/\"},{\"@type\":\"ListItem\",\"position\":2,\"name\":\"Quero Neohome\",\"item\":\"https:\/\/neohome.ws\/quero-neohome\/\"},{\"@type\":\"ListItem\",\"position\":3,\"name\":\"Parcerias\"}]}]}<\/script>\n<!-- \/ Yoast SEO plugin. -->","yoast_head_json":{"title":"Parcerias - Neohome - Casa Inteligente","robots":{"index":"index","follow":"follow","max-snippet":"max-snippet:-1","max-image-preview":"max-image-preview:large","max-video-preview":"max-video-preview:-1"},"canonical":"https:\/\/neohome.ws\/quero-neohome\/parcerias\/","og_locale":"pt_BR","og_type":"article","og_title":"Parcerias - Neohome - Casa Inteligente","og_description":"Parcerias Nosso trabalho conjunto melhora a vida de muitas pessoas! ARQUITETOS ACAD\u00caMICOS CONSTRUTORAS","og_url":"https:\/\/neohome.ws\/quero-neohome\/parcerias\/","og_site_name":"Neohome - Casa Inteligente","article_modified_time":"2022-06-22T21:47:31+00:00","twitter_card":"summary_large_image","schema":{"@context":"https:\/\/schema.org","@graph":[{"@type":"WebSite","@id":"https:\/\/neohome.ws\/#website","url":"https:\/\/neohome.ws\/","name":"Neohome - Casa Inteligente","description":"N\u00f3s fazemos sua casa funcionar t\u00e3o bem que at\u00e9 parece m\u00e1gica.","potentialAction":[{"@type":"SearchAction","target":{"@type":"EntryPoint","urlTemplate":"https:\/\/neohome.ws\/?s={search_term_string}"},"query-input":"required name=search_term_string"}],"inLanguage":"pt-BR"},{"@type":"WebPage","@id":"https:\/\/neohome.ws\/quero-neohome\/parcerias\/#webpage","url":"https:\/\/neohome.ws\/quero-neohome\/parcerias\/","name":"Parcerias - Neohome - Casa Inteligente","isPartOf":{"@id":"https:\/\/neohome.ws\/#website"},"datePublished":"2020-02-05T19:24:57+00:00","dateModified":"2022-06-22T21:47:31+00:00","breadcrumb":{"@id":"https:\/\/neohome.ws\/quero-neohome\/parcerias\/#breadcrumb"},"inLanguage":"pt-BR","potentialAction":[{"@type":"ReadAction","target":["https:\/\/neohome.ws\/quero-neohome\/parcerias\/"]}]},{"@type":"BreadcrumbList","@id":"https:\/\/neohome.ws\/quero-neohome\/parcerias\/#breadcrumb","itemListElement":[{"@type":"ListItem","position":1,"name":"In\u00edcio","item":"https:\/\/neohome.ws\/"},{"@type":"ListItem","position":2,"name":"Quero Neohome","item":"https:\/\/neohome.ws\/quero-neohome\/"},{"@type":"ListItem","position":3,"name":"Parcerias"}]}]}},"_links":{"self":[{"href":"https:\/\/neohome.ws\/index.php?rest_route=\/wp\/v2\/pages\/187","targetHints":{"allow":["GET"]}}],"collection":[{"href":"https:\/\/neohome.ws\/index.php?rest_route=\/wp\/v2\/pages"}],"about":[{"href":"https:\/\/neohome.ws\/index.php?rest_route=\/wp\/v2\/types\/page"}],"author":[{"embeddable":true,"href":"https:\/\/neohome.ws\/index.php?rest_route=\/wp\/v2\/users\/1"}],"replies":[{"embeddable":true,"href":"https:\/\/neohome.ws\/index.php?rest_route=%2Fwp%2Fv2%2Fcomments&post=187"}],"version-history":[{"count":10,"href":"https:\/\/neohome.ws\/index.php?rest_route=\/wp\/v2\/pages\/187\/revisions"}],"predecessor-version":[{"id":910,"href":"https:\/\/neohome.ws\/index.php?rest_route=\/wp\/v2\/pages\/187\/revisions\/910"}],"up":[{"embeddable":true,"href":"https:\/\/neohome.ws\/index.php?rest_route=\/wp\/v2\/pages\/181"}],"wp:attachment":[{"href":"https:\/\/neohome.ws\/index.php?rest_route=%2Fwp%2Fv2%2Fmedia&parent=187"}],"curies":[{"name":"wp","href":"https:\/\/api.w.org\/{rel}","templated":true}]}}