{"id":185,"date":"2020-02-05T17:24:44","date_gmt":"2020-02-05T19:24:44","guid":{"rendered":"https:\/\/neohome.ws\/?page_id=185"},"modified":"2022-06-22T18:48:50","modified_gmt":"2022-06-22T21:48:50","slug":"solicite-um-orcamento","status":"publish","type":"page","link":"https:\/\/neohome.ws\/?page_id=185","title":{"rendered":"Solicite um Or\u00e7amento"},"content":{"rendered":"\t\t<div data-elementor-type=\"wp-page\" data-elementor-id=\"185\" class=\"elementor elementor-185\" data-elementor-settings=\"[]\">\n\t\t\t<div class=\"elementor-inner\">\n\t\t\t\t<div class=\"elementor-section-wrap\">\n\t\t\t\t\t\t\t<section class=\"elementor-element elementor-element-f0c8038 elementor-section-height-min-height elementor-section-boxed elementor-section-height-default elementor-section-items-middle elementor-section elementor-top-section\" data-id=\"f0c8038\" data-element_type=\"section\" data-settings=\"{&quot;background_background&quot;:&quot;classic&quot;}\">\n\t\t\t\t\t\t<div class=\"elementor-container elementor-column-gap-default\">\n\t\t\t\t<div class=\"elementor-row\">\n\t\t\t\t<div class=\"elementor-element elementor-element-169dcc1 elementor-column elementor-col-100 elementor-top-column\" data-id=\"169dcc1\" data-element_type=\"column\">\n\t\t\t<div class=\"elementor-column-wrap  elementor-element-populated\">\n\t\t\t\t\t<div class=\"elementor-widget-wrap\">\n\t\t\t\t<div class=\"elementor-element elementor-element-9e725af elementor-widget elementor-widget-heading\" data-id=\"9e725af\" data-element_type=\"widget\" data-widget_type=\"heading.default\">\n\t\t\t\t<div class=\"elementor-widget-container\">\n\t\t\t<h1 class=\"elementor-heading-title elementor-size-default\">Solicite um Or\u00e7amento<\/h1>\t\t<\/div>\n\t\t\t\t<\/div>\n\t\t\t\t<div class=\"elementor-element elementor-element-7c1fcfe elementor-widget elementor-widget-heading\" data-id=\"7c1fcfe\" data-element_type=\"widget\" data-widget_type=\"heading.default\">\n\t\t\t\t<div class=\"elementor-widget-container\">\n\t\t\t<span class=\"elementor-heading-title elementor-size-default\">Estamos ansiosos para lhe conhecer, e ser\u00e1 um prazer lhe atender.<\/span>\t\t<\/div>\n\t\t\t\t<\/div>\n\t\t\t\t<section class=\"elementor-element elementor-element-493bed3 elementor-section-boxed elementor-section-height-default elementor-section-height-default elementor-section elementor-inner-section\" data-id=\"493bed3\" data-element_type=\"section\">\n\t\t\t\t\t\t<div class=\"elementor-container elementor-column-gap-default\">\n\t\t\t\t<div class=\"elementor-row\">\n\t\t\t\t<div class=\"elementor-element elementor-element-f968a50 elementor-column elementor-col-33 elementor-inner-column\" data-id=\"f968a50\" data-element_type=\"column\">\n\t\t\t<div class=\"elementor-column-wrap  elementor-element-populated\">\n\t\t\t\t\t<div class=\"elementor-widget-wrap\">\n\t\t\t\t<div class=\"elementor-element elementor-element-27b2d16 elementor-align-center elementor-invisible elementor-widget elementor-widget-button\" data-id=\"27b2d16\" data-element_type=\"widget\" data-settings=\"{&quot;_animation&quot;:&quot;pulse&quot;}\" data-widget_type=\"button.default\">\n\t\t\t\t<div class=\"elementor-widget-container\">\n\t\t\t\t\t<div class=\"elementor-button-wrapper\">\n\t\t\t<a href=\"https:\/\/docs.google.com\/forms\/d\/e\/1FAIpQLSfgGEoazmEtx55lwYFY5dzJuRMjrWbD7JZNlnBRNCHepH7rYA\/viewform\" class=\"elementor-button-link elementor-button elementor-size-sm elementor-animation-grow\" role=\"button\">\n\t\t\t\t\t\t<span class=\"elementor-button-content-wrapper\">\n\t\t\t\t\t\t<span class=\"elementor-button-text\">QUERO NEOHOME<\/span>\n\t\t<\/span>\n\t\t\t\t\t<\/a>\n\t\t<\/div>\n\t\t\t\t<\/div>\n\t\t\t\t<\/div>\n\t\t\t\t<div class=\"elementor-element elementor-element-eb60cc2 elementor-widget elementor-widget-heading\" data-id=\"eb60cc2\" data-element_type=\"widget\" data-widget_type=\"heading.default\">\n\t\t\t\t<div class=\"elementor-widget-container\">\n\t\t\t<span class=\"elementor-heading-title elementor-size-default\">Aqui voc\u00ea nos envia seus dados e da sua obra e pode escolher os sistemas que deseja ter em sua resid\u00eancia! <\/span>\t\t<\/div>\n\t\t\t\t<\/div>\n\t\t\t\t\t\t<\/div>\n\t\t\t<\/div>\n\t\t<\/div>\n\t\t\t\t<div class=\"elementor-element elementor-element-4e1a23a elementor-column elementor-col-33 elementor-inner-column\" data-id=\"4e1a23a\" data-element_type=\"column\">\n\t\t\t<div class=\"elementor-column-wrap  elementor-element-populated\">\n\t\t\t\t\t<div class=\"elementor-widget-wrap\">\n\t\t\t\t<div class=\"elementor-element elementor-element-184f1ff elementor-align-center elementor-invisible elementor-widget elementor-widget-button\" data-id=\"184f1ff\" data-element_type=\"widget\" data-settings=\"{&quot;_animation&quot;:&quot;pulse&quot;}\" data-widget_type=\"button.default\">\n\t\t\t\t<div class=\"elementor-widget-container\">\n\t\t\t\t\t<div class=\"elementor-button-wrapper\">\n\t\t\t<a href=\"https:\/\/docs.google.com\/forms\/d\/e\/1FAIpQLSfaUXldy-92pasfBBahrEGrotLOET2KZwXMHRZKpi7ewnN0oQ\/viewform\" class=\"elementor-button-link elementor-button elementor-size-sm elementor-animation-grow\" role=\"button\">\n\t\t\t\t\t\t<span class=\"elementor-button-content-wrapper\">\n\t\t\t\t\t\t<span class=\"elementor-button-text\">QUERO 7BALL<\/span>\n\t\t<\/span>\n\t\t\t\t\t<\/a>\n\t\t<\/div>\n\t\t\t\t<\/div>\n\t\t\t\t<\/div>\n\t\t\t\t<div class=\"elementor-element elementor-element-18fabe7 elementor-widget elementor-widget-heading\" data-id=\"18fabe7\" data-element_type=\"widget\" data-widget_type=\"heading.default\">\n\t\t\t\t<div class=\"elementor-widget-container\">\n\t\t\t<span class=\"elementor-heading-title elementor-size-default\">Aqui voc\u00ea nos envia seus dados escolhe as linhas de produto que est\u00e1 buscando e pode configurar at\u00e9 3 mesas de Sinuca<\/span>\t\t<\/div>\n\t\t\t\t<\/div>\n\t\t\t\t\t\t<\/div>\n\t\t\t<\/div>\n\t\t<\/div>\n\t\t\t\t<div class=\"elementor-element elementor-element-86082f8 elementor-column elementor-col-33 elementor-inner-column\" data-id=\"86082f8\" data-element_type=\"column\">\n\t\t\t<div class=\"elementor-column-wrap  elementor-element-populated\">\n\t\t\t\t\t<div class=\"elementor-widget-wrap\">\n\t\t\t\t<div class=\"elementor-element elementor-element-fd589a6 elementor-align-center elementor-invisible elementor-widget elementor-widget-button\" data-id=\"fd589a6\" data-element_type=\"widget\" data-settings=\"{&quot;_animation&quot;:&quot;pulse&quot;}\" data-widget_type=\"button.default\">\n\t\t\t\t<div class=\"elementor-widget-container\">\n\t\t\t\t\t<div class=\"elementor-button-wrapper\">\n\t\t\t<a href=\"https:\/\/docs.google.com\/forms\/d\/e\/1FAIpQLSfOx5Do1xIh0EBurB8Cwg_qlm9IQnR9Gz-Z8taTL06jcxL9yg\/viewform\" class=\"elementor-button-link elementor-button elementor-size-sm elementor-animation-grow\" role=\"button\">\n\t\t\t\t\t\t<span class=\"elementor-button-content-wrapper\">\n\t\t\t\t\t\t<span class=\"elementor-button-text\">MEUS DADOS NEOHOME<\/span>\n\t\t<\/span>\n\t\t\t\t\t<\/a>\n\t\t<\/div>\n\t\t\t\t<\/div>\n\t\t\t\t<\/div>\n\t\t\t\t<div class=\"elementor-element elementor-element-efe2ef1 elementor-widget elementor-widget-heading\" data-id=\"efe2ef1\" data-element_type=\"widget\" data-widget_type=\"heading.default\">\n\t\t\t\t<div class=\"elementor-widget-container\">\n\t\t\t<span class=\"elementor-heading-title elementor-size-default\">Aqui voc\u00ea nos envia seus dados para cadastro<\/span>\t\t<\/div>\n\t\t\t\t<\/div>\n\t\t\t\t\t\t<\/div>\n\t\t\t<\/div>\n\t\t<\/div>\n\t\t\t\t\t\t<\/div>\n\t\t\t<\/div>\n\t\t<\/section>\n\t\t\t\t\t\t<\/div>\n\t\t\t<\/div>\n\t\t<\/div>\n\t\t\t\t\t\t<\/div>\n\t\t\t<\/div>\n\t\t<\/section>\n\t\t\t\t\t\t<\/div>\n\t\t\t<\/div>\n\t\t<\/div>\n\t\t","protected":false},"excerpt":{"rendered":"<p>Solicite um Or\u00e7amento Estamos ansiosos para lhe conhecer, e ser\u00e1 um prazer lhe atender. QUERO NEOHOME Aqui voc\u00ea nos envia seus dados e da sua obra e pode escolher os sistemas que deseja ter em sua resid\u00eancia! QUERO 7BALL Aqui voc\u00ea nos envia seus dados escolhe as linhas de produto que est\u00e1 buscando e pode [&hellip;]<\/p>\n","protected":false},"author":1,"featured_media":0,"parent":181,"menu_order":0,"comment_status":"closed","ping_status":"closed","template":"","meta":{"_mi_skip_tracking":false,"footnotes":""},"class_list":["post-185","page","type-page","status-publish","hentry"],"yoast_head":"<!-- This site is optimized with the Yoast SEO plugin v19.1 - https:\/\/yoast.com\/wordpress\/plugins\/seo\/ -->\n<title>Solicite um Or\u00e7amento - Neohome - Casa Inteligente<\/title>\n<meta name=\"robots\" content=\"index, follow, max-snippet:-1, max-image-preview:large, max-video-preview:-1\" \/>\n<link rel=\"canonical\" href=\"https:\/\/neohome.ws\/quero-neohome\/solicite-um-orcamento\/\" \/>\n<meta property=\"og:locale\" content=\"pt_BR\" \/>\n<meta property=\"og:type\" content=\"article\" \/>\n<meta property=\"og:title\" content=\"Solicite um Or\u00e7amento - Neohome - Casa Inteligente\" \/>\n<meta property=\"og:description\" content=\"Solicite um Or\u00e7amento Estamos ansiosos para lhe conhecer, e ser\u00e1 um prazer lhe atender. QUERO NEOHOME Aqui voc\u00ea nos envia seus dados e da sua obra e pode escolher os sistemas que deseja ter em sua resid\u00eancia! QUERO 7BALL Aqui voc\u00ea nos envia seus dados escolhe as linhas de produto que est\u00e1 buscando e pode [&hellip;]\" \/>\n<meta property=\"og:url\" content=\"https:\/\/neohome.ws\/quero-neohome\/solicite-um-orcamento\/\" \/>\n<meta property=\"og:site_name\" content=\"Neohome - Casa Inteligente\" \/>\n<meta property=\"article:modified_time\" content=\"2022-06-22T21:48:50+00:00\" \/>\n<meta name=\"twitter:card\" content=\"summary_large_image\" \/>\n<script type=\"application\/ld+json\" class=\"yoast-schema-graph\">{\"@context\":\"https:\/\/schema.org\",\"@graph\":[{\"@type\":\"WebSite\",\"@id\":\"https:\/\/neohome.ws\/#website\",\"url\":\"https:\/\/neohome.ws\/\",\"name\":\"Neohome - Casa Inteligente\",\"description\":\"N\u00f3s fazemos sua casa funcionar t\u00e3o bem que at\u00e9 parece m\u00e1gica.\",\"potentialAction\":[{\"@type\":\"SearchAction\",\"target\":{\"@type\":\"EntryPoint\",\"urlTemplate\":\"https:\/\/neohome.ws\/?s={search_term_string}\"},\"query-input\":\"required name=search_term_string\"}],\"inLanguage\":\"pt-BR\"},{\"@type\":\"WebPage\",\"@id\":\"https:\/\/neohome.ws\/quero-neohome\/solicite-um-orcamento\/#webpage\",\"url\":\"https:\/\/neohome.ws\/quero-neohome\/solicite-um-orcamento\/\",\"name\":\"Solicite um Or\u00e7amento - Neohome - Casa Inteligente\",\"isPartOf\":{\"@id\":\"https:\/\/neohome.ws\/#website\"},\"datePublished\":\"2020-02-05T19:24:44+00:00\",\"dateModified\":\"2022-06-22T21:48:50+00:00\",\"breadcrumb\":{\"@id\":\"https:\/\/neohome.ws\/quero-neohome\/solicite-um-orcamento\/#breadcrumb\"},\"inLanguage\":\"pt-BR\",\"potentialAction\":[{\"@type\":\"ReadAction\",\"target\":[\"https:\/\/neohome.ws\/quero-neohome\/solicite-um-orcamento\/\"]}]},{\"@type\":\"BreadcrumbList\",\"@id\":\"https:\/\/neohome.ws\/quero-neohome\/solicite-um-orcamento\/#breadcrumb\",\"itemListElement\":[{\"@type\":\"ListItem\",\"position\":1,\"name\":\"In\u00edcio\",\"item\":\"https:\/\/neohome.ws\/\"},{\"@type\":\"ListItem\",\"position\":2,\"name\":\"Quero Neohome\",\"item\":\"https:\/\/neohome.ws\/quero-neohome\/\"},{\"@type\":\"ListItem\",\"position\":3,\"name\":\"Solicite um Or\u00e7amento\"}]}]}<\/script>\n<!-- \/ Yoast SEO plugin. -->","yoast_head_json":{"title":"Solicite um Or\u00e7amento - Neohome - Casa Inteligente","robots":{"index":"index","follow":"follow","max-snippet":"max-snippet:-1","max-image-preview":"max-image-preview:large","max-video-preview":"max-video-preview:-1"},"canonical":"https:\/\/neohome.ws\/quero-neohome\/solicite-um-orcamento\/","og_locale":"pt_BR","og_type":"article","og_title":"Solicite um Or\u00e7amento - Neohome - Casa Inteligente","og_description":"Solicite um Or\u00e7amento Estamos ansiosos para lhe conhecer, e ser\u00e1 um prazer lhe atender. QUERO NEOHOME Aqui voc\u00ea nos envia seus dados e da sua obra e pode escolher os sistemas que deseja ter em sua resid\u00eancia! QUERO 7BALL Aqui voc\u00ea nos envia seus dados escolhe as linhas de produto que est\u00e1 buscando e pode [&hellip;]","og_url":"https:\/\/neohome.ws\/quero-neohome\/solicite-um-orcamento\/","og_site_name":"Neohome - Casa Inteligente","article_modified_time":"2022-06-22T21:48:50+00:00","twitter_card":"summary_large_image","schema":{"@context":"https:\/\/schema.org","@graph":[{"@type":"WebSite","@id":"https:\/\/neohome.ws\/#website","url":"https:\/\/neohome.ws\/","name":"Neohome - Casa Inteligente","description":"N\u00f3s fazemos sua casa funcionar t\u00e3o bem que at\u00e9 parece m\u00e1gica.","potentialAction":[{"@type":"SearchAction","target":{"@type":"EntryPoint","urlTemplate":"https:\/\/neohome.ws\/?s={search_term_string}"},"query-input":"required name=search_term_string"}],"inLanguage":"pt-BR"},{"@type":"WebPage","@id":"https:\/\/neohome.ws\/quero-neohome\/solicite-um-orcamento\/#webpage","url":"https:\/\/neohome.ws\/quero-neohome\/solicite-um-orcamento\/","name":"Solicite um Or\u00e7amento - Neohome - Casa Inteligente","isPartOf":{"@id":"https:\/\/neohome.ws\/#website"},"datePublished":"2020-02-05T19:24:44+00:00","dateModified":"2022-06-22T21:48:50+00:00","breadcrumb":{"@id":"https:\/\/neohome.ws\/quero-neohome\/solicite-um-orcamento\/#breadcrumb"},"inLanguage":"pt-BR","potentialAction":[{"@type":"ReadAction","target":["https:\/\/neohome.ws\/quero-neohome\/solicite-um-orcamento\/"]}]},{"@type":"BreadcrumbList","@id":"https:\/\/neohome.ws\/quero-neohome\/solicite-um-orcamento\/#breadcrumb","itemListElement":[{"@type":"ListItem","position":1,"name":"In\u00edcio","item":"https:\/\/neohome.ws\/"},{"@type":"ListItem","position":2,"name":"Quero Neohome","item":"https:\/\/neohome.ws\/quero-neohome\/"},{"@type":"ListItem","position":3,"name":"Solicite um Or\u00e7amento"}]}]}},"_links":{"self":[{"href":"https:\/\/neohome.ws\/index.php?rest_route=\/wp\/v2\/pages\/185","targetHints":{"allow":["GET"]}}],"collection":[{"href":"https:\/\/neohome.ws\/index.php?rest_route=\/wp\/v2\/pages"}],"about":[{"href":"https:\/\/neohome.ws\/index.php?rest_route=\/wp\/v2\/types\/page"}],"author":[{"embeddable":true,"href":"https:\/\/neohome.ws\/index.php?rest_route=\/wp\/v2\/users\/1"}],"replies":[{"embeddable":true,"href":"https:\/\/neohome.ws\/index.php?rest_route=%2Fwp%2Fv2%2Fcomments&post=185"}],"version-history":[{"count":13,"href":"https:\/\/neohome.ws\/index.php?rest_route=\/wp\/v2\/pages\/185\/revisions"}],"predecessor-version":[{"id":911,"href":"https:\/\/neohome.ws\/index.php?rest_route=\/wp\/v2\/pages\/185\/revisions\/911"}],"up":[{"embeddable":true,"href":"https:\/\/neohome.ws\/index.php?rest_route=\/wp\/v2\/pages\/181"}],"wp:attachment":[{"href":"https:\/\/neohome.ws\/index.php?rest_route=%2Fwp%2Fv2%2Fmedia&parent=185"}],"curies":[{"name":"wp","href":"https:\/\/api.w.org\/{rel}","templated":true}]}}